{"id":111,"date":"2017-07-01T12:24:32","date_gmt":"2017-07-01T12:24:32","guid":{"rendered":"http:\/\/spd-lohbruegge.eu\/?page_id=111"},"modified":"2017-07-04T11:28:30","modified_gmt":"2017-07-04T11:28:30","slug":"impressum","status":"publish","type":"page","link":"https:\/\/spd-lohbruegge.eu\/?page_id=111","title":{"rendered":"Impressum"},"content":{"rendered":"<p><em>Verantwortlicher Webmaster:<\/em><\/p>\n<p>SPD Lohbr\u00fcgge<br \/>\nMichael Sch\u00fctze<br \/>\nVierlandenstra\u00dfe 27<br \/>\n21029 Hamburg<br \/>\nTel. 040\/721 49 13<br \/>\nE-Mail: <a href=\"mailto:ms981997@aol.com\">ms981997@aol.com<\/a><\/p>\n<p>&nbsp;<\/p>\n<p>Alle Texte, alle Fotos, alle Gestaltungselemente sind \u2013 sofern nicht ein anderes Copyright angegeben ist \u2013 urheberrechtlich gesch\u00fctzt. Das Copyright f\u00fcr die Bilder liegt in der Regel bei Michael Sch\u00fctze. Jede Verwertung au\u00dferhalb der engen Grenzen des Urheberrechtsgesetzes ist ohne Zustimmung des Webmasters unzul\u00e4ssig und strafbar.<\/p>\n<p>Wir haben auf diesen Seiten Links zu anderen Seiten im Internet. F\u00fcr alle diese Links gilt, dass wir keinerlei Einfluss auf die Gestaltung und die Inhalte der gelinkten Seiten haben. Deswegen \u00fcbernehmen wir auch keinerlei Verantwortung f\u00fcr Inhalt und Gestaltung dieser Seiten. Diese Erkl\u00e4rung gilt f\u00fcr alle auf unseren Seiten angezeigten Links und f\u00fcr alle Inhalte der Seiten, zu denen die bei uns aufgef\u00fchrten Links f\u00fchren.<\/p>\n","protected":false},"excerpt":{"rendered":"<p>Verantwortlicher Webmaster: SPD Lohbr\u00fcgge Michael Sch\u00fctze Vierlandenstra\u00dfe 27 21029 Hamburg Tel. 040\/721 49 13 E-Mail: ms981997@aol.com &nbsp; Alle Texte, alle<\/p>\n","protected":false},"author":1,"featured_media":0,"parent":0,"menu_order":6,"comment_status":"closed","ping_status":"closed","template":"","meta":{"colormag_page_container_layout":"default_layout","colormag_page_sidebar_layout":"default_layout","footnotes":""},"class_list":["post-111","page","type-page","status-publish","hentry"],"_links":{"self":[{"href":"https:\/\/spd-lohbruegge.eu\/index.php?rest_route=\/wp\/v2\/pages\/111","targetHints":{"allow":["GET"]}}],"collection":[{"href":"https:\/\/spd-lohbruegge.eu\/index.php?rest_route=\/wp\/v2\/pages"}],"about":[{"href":"https:\/\/spd-lohbruegge.eu\/index.php?rest_route=\/wp\/v2\/types\/page"}],"author":[{"embeddable":true,"href":"https:\/\/spd-lohbruegge.eu\/index.php?rest_route=\/wp\/v2\/users\/1"}],"replies":[{"embeddable":true,"href":"https:\/\/spd-lohbruegge.eu\/index.php?rest_route=%2Fwp%2Fv2%2Fcomments&post=111"}],"version-history":[{"count":2,"href":"https:\/\/spd-lohbruegge.eu\/index.php?rest_route=\/wp\/v2\/pages\/111\/revisions"}],"predecessor-version":[{"id":113,"href":"https:\/\/spd-lohbruegge.eu\/index.php?rest_route=\/wp\/v2\/pages\/111\/revisions\/113"}],"wp:attachment":[{"href":"https:\/\/spd-lohbruegge.eu\/index.php?rest_route=%2Fwp%2Fv2%2Fmedia&parent=111"}],"curies":[{"name":"wp","href":"https:\/\/api.w.org\/{rel}","templated":true}]}}