{"id":25,"date":"2017-06-30T14:04:17","date_gmt":"2017-06-30T14:04:17","guid":{"rendered":"http:\/\/spd-lohbruegge.eu\/?page_id=25"},"modified":"2020-01-04T12:26:45","modified_gmt":"2020-01-04T12:26:45","slug":"wir-ueber-uns","status":"publish","type":"page","link":"https:\/\/spd-lohbruegge.eu\/?page_id=25","title":{"rendered":"Wir \u00fcber uns"},"content":{"rendered":"<p>Die SPD Lohbr\u00fcgge ist einer von rund 80 SPD-Distrikten in Hamburg, was den Ortsvereinen in den meisten Bundesl\u00e4ndern entspricht. Der <a title=\"Homepage der SPD Hamburg\" href=\"http:\/\/www.spd-hamburg.de\/\" target=\"_blank\" rel=\"noopener\">Landesverband Hamburg<\/a> ist in sieben Kreisverb\u00e4nde gegliedert, die den sieben Hamburger Verwaltungsbezirken entsprechen.\u00a0Unser <a title=\"Homepage der SPD Kreis Bergedorf\" href=\"http:\/\/www.spd-bergedorf.de\/\" target=\"_blank\" rel=\"noopener\">Kreisverband ist Bergedorf<\/a>, der aus sechs Distrikten (oder eben Ortsvereinen) besteht. Unsere Distriktsgrenzen entsprechen im wesentlichen den Grenzen des Stadtteils <a title=\"Lohbr\u00fcgge\" href=\"http:\/\/www.lohbruegge.de\" target=\"_blank\" rel=\"noopener\">Lohbr\u00fcgge<\/a>, dem mit rund 39.000 Einwohnern gr\u00f6\u00dften Stadtteil im Bezirk Bergedorf.<\/p>\n<p>Mit rund 200 Mitgliedern ist die SPD Lohbr\u00fcgge der mit Abstand gr\u00f6\u00dfte Distrikt im Kreis Bergedorf, der insgesamt rund 650 SPD-Mitglieder hat. Wie alle anderen Distrikte auch entsenden wir Delegierte f\u00fcr den Kreisparteitag, die sogenannte Kreisdelegiertenversammlung (kurz: KDV), und den Landesparteitag (kurz: LPT). Und alle zwei Jahre w\u00e4hlen wir einen neuen <a href=\"http:\/\/spd-lohbruegge.eu\/?page_id=27\">Vorstand<\/a>.<\/p>\n<p>Unsere politischen <a href=\"http:\/\/spd-lohbruegge.eu\/?page_id=31\">Aktivit\u00e4ten<\/a> sind vielf\u00e4ltig. Wir halten interne wie \u00f6ffentliche Mitgliederversammlungen ab, f\u00fchren Veranstaltungen wie unser j\u00e4hrliches\u00a0Sommerfest durch, organisieren jeden zweiten Sonnabend im Monat einen politischen Infostand mit dem sogenannten B\u00e4ckerbus am Lohbr\u00fcgger Markt und verteilen nicht nur dabei unsere Flugbl\u00e4tter. Zudem bieten wir jeden zweiten Mittwoch im Monat ab 19.00 Uhr im Vereinsheim des VfL Lohbr\u00fcgge, Binnenfeldredder 9, einen f\u00fcr alle B\u00fcrger offenen Politischen Stammtisch an. Au\u00dferdem sind wir in dem zentralen Stadtteilgremium aktiv, dem <a href=\"https:\/\/lohbruegge.de\/stadtteilbeirat\/\" target=\"_blank\" rel=\"noopener\">Stadtteilbeirat Lohbr\u00fcgge<\/a>.<\/p>\n<p>Nicht zuletzt stellen wir auch vier <a href=\"http:\/\/spd-lohbruegge.eu\/?page_id=29\">Abgeordnete<\/a> in der Bezirksversammlung Bergedorf, dem lokalen Verwaltungsgremium,\u00a0und einen in der Hamburgischen B\u00fcrgerschaft, dem Landesparlament.<\/p>\n","protected":false},"excerpt":{"rendered":"<p>Die SPD Lohbr\u00fcgge ist einer von rund 80 SPD-Distrikten in Hamburg, was den Ortsvereinen in den meisten Bundesl\u00e4ndern entspricht. Der<\/p>\n","protected":false},"author":1,"featured_media":0,"parent":0,"menu_order":0,"comment_status":"closed","ping_status":"closed","template":"","meta":{"colormag_page_container_layout":"default_layout","colormag_page_sidebar_layout":"default_layout","footnotes":""},"class_list":["post-25","page","type-page","status-publish","hentry"],"_links":{"self":[{"href":"https:\/\/spd-lohbruegge.eu\/index.php?rest_route=\/wp\/v2\/pages\/25","targetHints":{"allow":["GET"]}}],"collection":[{"href":"https:\/\/spd-lohbruegge.eu\/index.php?rest_route=\/wp\/v2\/pages"}],"about":[{"href":"https:\/\/spd-lohbruegge.eu\/index.php?rest_route=\/wp\/v2\/types\/page"}],"author":[{"embeddable":true,"href":"https:\/\/spd-lohbruegge.eu\/index.php?rest_route=\/wp\/v2\/users\/1"}],"replies":[{"embeddable":true,"href":"https:\/\/spd-lohbruegge.eu\/index.php?rest_route=%2Fwp%2Fv2%2Fcomments&post=25"}],"version-history":[{"count":6,"href":"https:\/\/spd-lohbruegge.eu\/index.php?rest_route=\/wp\/v2\/pages\/25\/revisions"}],"predecessor-version":[{"id":648,"href":"https:\/\/spd-lohbruegge.eu\/index.php?rest_route=\/wp\/v2\/pages\/25\/revisions\/648"}],"wp:attachment":[{"href":"https:\/\/spd-lohbruegge.eu\/index.php?rest_route=%2Fwp%2Fv2%2Fmedia&parent=25"}],"curies":[{"name":"wp","href":"https:\/\/api.w.org\/{rel}","templated":true}]}}