{"id":29,"date":"2017-06-30T14:04:39","date_gmt":"2017-06-30T14:04:39","guid":{"rendered":"http:\/\/spd-lohbruegge.eu\/?page_id=29"},"modified":"2024-06-25T15:11:32","modified_gmt":"2024-06-25T15:11:32","slug":"abgeordnete","status":"publish","type":"page","link":"https:\/\/spd-lohbruegge.eu\/?page_id=29","title":{"rendered":"Abgeordnete"},"content":{"rendered":"<h4>Hamburger B\u00fcrgerschaft<\/h4>\n<p>In der Hamburgischen B\u00fcrgerschaft, dem Landesparlament, ist die SPD Lohbr\u00fcgge seit der B\u00fcrgerschaftswahl am 23. Februar 2019 mit einem Abgeordneten in der SPD-Fraktion Hamburg vertreten:<\/p>\n<ul>\n<li><strong>Ali Simsek<\/strong><\/li>\n<\/ul>\n<h4>\u00a0<\/h4>\n<h4>Bezirksversammlung Bergedorf<\/h4>\n<p>In der Bezirksversammlung Bergedorf stellt die SPD Lohbr\u00fcgge seit der Wahl am 09. Juni 2024 f\u00fcnf Abgeordnete der insgesamt 12-k\u00f6pfigen <a title=\"Homepage der SPD-Fraktion Bergedorf\" href=\"https:\/\/www.spd-fraktion-bergedorf.de\/\" target=\"_blank\" rel=\"noopener\">SPD-Fraktion Bergedorf<\/a>:<\/p>\n<p style=\"text-align: center;\"><strong>Simone G\u00fcnd\u00fcz &#8211; <\/strong>Wahlkreisabgeordnete f\u00fcr Lohbr\u00fcgge I (westliches und s\u00fcdliches Lohbr\u00fcgge, inklusive Boberg)<strong><br \/><\/strong><\/p>\n\n\n<figure class=\"wp-block-image aligncenter size-full\"><img loading=\"lazy\" decoding=\"async\" width=\"283\" height=\"400\" src=\"https:\/\/spd-lohbruegge.eu\/wp-content\/uploads\/2024\/06\/Guenduez_Simone_2024_kl.jpg\" alt=\"\" class=\"wp-image-921\" srcset=\"https:\/\/spd-lohbruegge.eu\/wp-content\/uploads\/2024\/06\/Guenduez_Simone_2024_kl.jpg 283w, https:\/\/spd-lohbruegge.eu\/wp-content\/uploads\/2024\/06\/Guenduez_Simone_2024_kl-212x300.jpg 212w\" sizes=\"auto, (max-width: 283px) 100vw, 283px\" \/><\/figure>\n\n\n\n<p class=\"has-text-align-center\"><strong>Katja Kramer <\/strong>&#8211; Vorsitzende der SPD-Fraktion Bergedorf<\/p>\n\n\n\n<figure class=\"wp-block-image aligncenter size-full\"><img loading=\"lazy\" decoding=\"async\" width=\"274\" height=\"400\" src=\"https:\/\/spd-lohbruegge.eu\/wp-content\/uploads\/2024\/06\/Kramer_Katja_2024_kl.jpg\" alt=\"\" class=\"wp-image-922\" srcset=\"https:\/\/spd-lohbruegge.eu\/wp-content\/uploads\/2024\/06\/Kramer_Katja_2024_kl.jpg 274w, https:\/\/spd-lohbruegge.eu\/wp-content\/uploads\/2024\/06\/Kramer_Katja_2024_kl-206x300.jpg 206w\" sizes=\"auto, (max-width: 274px) 100vw, 274px\" \/><\/figure>\n\n\n\n<p class=\"has-text-align-center\"><strong>Ebrahim Momenzada<\/strong><\/p>\n\n\n\n<figure class=\"wp-block-image aligncenter size-full\"><img loading=\"lazy\" decoding=\"async\" width=\"263\" height=\"400\" src=\"https:\/\/spd-lohbruegge.eu\/wp-content\/uploads\/2024\/06\/Momenzada_Ebrahim_2024_kl.jpg\" alt=\"\" class=\"wp-image-923\" srcset=\"https:\/\/spd-lohbruegge.eu\/wp-content\/uploads\/2024\/06\/Momenzada_Ebrahim_2024_kl.jpg 263w, https:\/\/spd-lohbruegge.eu\/wp-content\/uploads\/2024\/06\/Momenzada_Ebrahim_2024_kl-197x300.jpg 197w\" sizes=\"auto, (max-width: 263px) 100vw, 263px\" \/><\/figure>\n\n\n\n<p class=\"has-text-align-center\"><strong>Christine Niemeyer<\/strong> &#8211; Wahlkreisabgeordnete f\u00fcr Lohbr\u00fcgge II (Lohbr\u00fcgge-Nord)<\/p>\n\n\n\n<figure class=\"wp-block-image aligncenter size-full\"><img loading=\"lazy\" decoding=\"async\" width=\"284\" height=\"400\" src=\"https:\/\/spd-lohbruegge.eu\/wp-content\/uploads\/2024\/06\/Niemeyer_Christine_2024_kl.jpg\" alt=\"\" class=\"wp-image-924\" srcset=\"https:\/\/spd-lohbruegge.eu\/wp-content\/uploads\/2024\/06\/Niemeyer_Christine_2024_kl.jpg 284w, https:\/\/spd-lohbruegge.eu\/wp-content\/uploads\/2024\/06\/Niemeyer_Christine_2024_kl-213x300.jpg 213w\" sizes=\"auto, (max-width: 284px) 100vw, 284px\" \/><\/figure>\n\n\n\n<p class=\"has-text-align-center\"><strong>Oliver Ro\u00dfborg<\/strong><\/p>\n\n\n\n<figure class=\"wp-block-image aligncenter size-full\"><img loading=\"lazy\" decoding=\"async\" width=\"283\" height=\"400\" src=\"https:\/\/spd-lohbruegge.eu\/wp-content\/uploads\/2024\/06\/Rossborg_Oliver_2024_kl.jpg\" alt=\"\" class=\"wp-image-925\" srcset=\"https:\/\/spd-lohbruegge.eu\/wp-content\/uploads\/2024\/06\/Rossborg_Oliver_2024_kl.jpg 283w, https:\/\/spd-lohbruegge.eu\/wp-content\/uploads\/2024\/06\/Rossborg_Oliver_2024_kl-212x300.jpg 212w\" sizes=\"auto, (max-width: 283px) 100vw, 283px\" \/><\/figure>\n","protected":false},"excerpt":{"rendered":"<p>Hamburger B\u00fcrgerschaft In der Hamburgischen B\u00fcrgerschaft, dem Landesparlament, ist die SPD Lohbr\u00fcgge seit der B\u00fcrgerschaftswahl am 23. Februar 2019 mit<\/p>\n","protected":false},"author":1,"featured_media":0,"parent":0,"menu_order":2,"comment_status":"closed","ping_status":"closed","template":"","meta":{"colormag_page_container_layout":"default_layout","colormag_page_sidebar_layout":"default_layout","footnotes":""},"class_list":["post-29","page","type-page","status-publish","hentry"],"_links":{"self":[{"href":"https:\/\/spd-lohbruegge.eu\/index.php?rest_route=\/wp\/v2\/pages\/29","targetHints":{"allow":["GET"]}}],"collection":[{"href":"https:\/\/spd-lohbruegge.eu\/index.php?rest_route=\/wp\/v2\/pages"}],"about":[{"href":"https:\/\/spd-lohbruegge.eu\/index.php?rest_route=\/wp\/v2\/types\/page"}],"author":[{"embeddable":true,"href":"https:\/\/spd-lohbruegge.eu\/index.php?rest_route=\/wp\/v2\/users\/1"}],"replies":[{"embeddable":true,"href":"https:\/\/spd-lohbruegge.eu\/index.php?rest_route=%2Fwp%2Fv2%2Fcomments&post=29"}],"version-history":[{"count":24,"href":"https:\/\/spd-lohbruegge.eu\/index.php?rest_route=\/wp\/v2\/pages\/29\/revisions"}],"predecessor-version":[{"id":928,"href":"https:\/\/spd-lohbruegge.eu\/index.php?rest_route=\/wp\/v2\/pages\/29\/revisions\/928"}],"wp:attachment":[{"href":"https:\/\/spd-lohbruegge.eu\/index.php?rest_route=%2Fwp%2Fv2%2Fmedia&parent=29"}],"curies":[{"name":"wp","href":"https:\/\/api.w.org\/{rel}","templated":true}]}}