{"id":306,"date":"2018-05-23T07:18:06","date_gmt":"2018-05-23T07:18:06","guid":{"rendered":"http:\/\/spd-lohbruegge.eu\/?page_id=306"},"modified":"2018-05-23T07:18:06","modified_gmt":"2018-05-23T07:18:06","slug":"datenschutzerklaerung","status":"publish","type":"page","link":"https:\/\/spd-lohbruegge.eu\/?page_id=306","title":{"rendered":"Datenschutzerkl\u00e4rung"},"content":{"rendered":"<p><strong>Datenschutz<\/strong><\/p>\n<p>Die Betreiber dieser Seiten nehmen den Schutz Ihrer pers\u00f6nlichen Daten sehr ernst. Wir behandeln Ihre personenbezogenen Daten vertraulich und entsprechend der gesetzlichen Datenschutzvorschriften sowie dieser Datenschutzerkl\u00e4rung.<\/p>\n<p>Die Nutzung unserer Webseite ist in der Regel ohne Angabe personenbezogener Daten m\u00f6glich. Soweit auf unseren Seiten personenbezogene Daten (beispielsweise Name, Anschrift oder E-Mail-Adressen) erhoben werden, erfolgt dies, soweit m\u00f6glich, stets auf freiwilliger Basis. Diese Daten werden ohne Ihre ausdr\u00fcckliche Zustimmung nicht an Dritte weitergegeben. Auf unserem Server ist ein Domain validiertes SSL-Zertifikat hinterlegt, das die komplette Webseite via https verschl\u00fcsselt \u00fcbertr\u00e4gt.<\/p>\n<p>Wir weisen darauf hin, dass die Daten\u00fcbertragung im Internet (z.B. bei der Kommunikation per E-Mail) Sicherheitsl\u00fccken aufweisen kann. Ein l\u00fcckenloser Schutz der Daten vor dem Zugriff durch Dritte ist nicht m\u00f6glich.<\/p>\n<p><strong>Server-Log-Files<\/strong><\/p>\n<p>Der Provider der Seiten erhebt und speichert automatisch Informationen in so genannten Server-Log Files, die Ihr Browser automatisch an uns \u00fcbermittelt. Dies sind:<\/p>\n<ul>\n<li>Browsertyp\/ Browserversion<\/li>\n<li>verwendetes Betriebssystem<\/li>\n<li>Referrer URL<\/li>\n<li>Hostname des zugreifenden Rechners<\/li>\n<li>Uhrzeit der Serveranfrage<\/li>\n<\/ul>\n<p>Diese Daten sind nicht bestimmten Personen zuordenbar. Eine Zusammenf\u00fchrung dieser Daten mit anderen Datenquellen wird nicht vorgenommen. Wir behalten uns vor, diese Daten nachtr\u00e4glich zu pr\u00fcfen, wenn uns konkrete Anhaltspunkte f\u00fcr eine rechtswidrige Nutzung bekannt werden.<\/p>\n<p><strong>Cookies<\/strong><\/p>\n<p>Diese Website erf\u00fcllt die Pflicht zum Hinweis auf den Einsatz von Cookies. Durch die Verwendung von Cookies k\u00f6nnen Internetseiten nutzerfreundlich, effektiv und sicherer gemacht werden. Dabei werden Textdateien mit Informationspunkten auf Basis von Nutzeraktivit\u00e4ten tempor\u00e4r im Browser des Benutzers abgelegt. Besuchs-Pr\u00e4ferenzen und Webseiten-Einstellungen k\u00f6nnen somit definiert und gespeichert werden. Die gespeicherten Cookies k\u00f6nnen f\u00fcr jede Website eingesehen und verwaltet werden:<\/p>\n<ul>\n<li>Chrome: Klicken Sie oben neben der Adresszeile auf das Schloss (bei SSL-zertifizierten Seiten) bzw. das Informations-Symbol (i). Die Cookie-Verwaltung befindet sich unter \u201eCookies\u201c<\/li>\n<li>Firefox: Klicken Sie links oben neben der Webadresse auf das Symbol. Folgen Sie dem Klickfeld nach rechts und w\u00e4hlen Sie \u201eWeitere Informationen\u201c. Die Cookie-Verwaltung befindet sich unter \u201eDatenschutz &amp; Chronik\u201c<\/li>\n<li>Internet-Explorer: W\u00e4hlen Sie hinter dem Zahnrad-Symbol die Schaltfl\u00e4che \u201eExtras\u201c &gt; \u201eInternetoptionen\u201c. Klicken Sie die Registerkarte \u201eDatenschutz\u201c. Unter Einstellungen finden Sie den Punkt \u201eErweitert\u201c mit den Verwaltungsoptionen f\u00fcr Cookies.<\/li>\n<\/ul>\n<p>Mit der Speicherung von Cookies erm\u00f6glichen Sie dieser Homepage inhaltliche und strukturelle Anpassung an die individuellen Besucherbed\u00fcrfnisse. Webseiteneinstellungen werden zeitlich befristet gespeichert und bei erneutem Besuch abgerufen.<\/p>\n<p>F\u00fcr unsere Webseite nutzen wir WordPress, es setzt Cookies ein, die wir Serverseitig nicht deaktivieren k\u00f6nnen.<br \/>\nIn dem Cookie \u201cwordpress_test_cookie\u201d werden keine personenbezogenen Daten gespeichert.<\/p>\n<p><strong>Kontaktformular<\/strong><\/p>\n<p>Wenn Sie uns per Kontaktformular Anfragen zukommen lassen, werden Ihre Angaben aus dem Anfrageformular inklusive der von Ihnen dort angegebenen Kontaktdaten zwecks Bearbeitung der Anfrage und f\u00fcr den Fall von Anschlussfragen bei uns gespeichert. Diese Daten geben wir nicht ohne Ihre Einwilligung weiter.<\/p>\n<p><strong>Minderj\u00e4hrigenschutz<\/strong><\/p>\n<p>Personen unter 18 Jahren sollten ohne Zustimmung der Eltern oder Erziehungsberechtigten keine personenbezogenen Daten an uns \u00fcbermitteln. Pers\u00f6nliche Informationen d\u00fcrfen Minderj\u00e4hrige uns nur dann zur Verf\u00fcgung stellen, wenn das ausdr\u00fcckliche Einverst\u00e4ndnis der Erziehungsberechtigten vorliegt,\u00a0beziehungsweise die Minderj\u00e4hrigen 12 Jahre oder \u00e4lter sind. Wir fordern keine personenbezogenen Daten von Kindern und Jugendlichen an. Wissentlich sammeln wir solche Daten nicht und geben sie auch nicht an Dritte weiter.<\/p>\n<p><strong>Auskunft, L\u00f6schung, Sperrung<\/strong><\/p>\n<p>Sie haben jederzeit das Recht auf unentgeltliche Auskunft \u00fcber Ihre gespeicherten personenbezogenen Daten, deren Herkunft und Empf\u00e4nger und den Zweck der Datenverarbeitung sowie ein Recht auf Berichtigung, Sperrung oder L\u00f6schung dieser Daten. Hierzu sowie zu weiteren Fragen zum Thema personenbezogene Daten k\u00f6nnen Sie sich jederzeit unter der im Impressum angegebenen Adresse an uns wenden.<\/p>\n<p><strong>Widerspruch Werbe-Mails<\/strong><\/p>\n<p>Der Nutzung von im Rahmen der Impressumspflicht ver\u00f6ffentlichten Kontaktdaten zur \u00dcbersendung von nicht ausdr\u00fccklich angeforderter Werbung und Informationsmaterialien wird hiermit widersprochen. Die Betreiber der Seiten behalten sich ausdr\u00fccklich rechtliche Schritte im Falle der unverlangten Zusendung von Werbeinformationen, etwa durch Spam-E-Mails, vor.<\/p>\n","protected":false},"excerpt":{"rendered":"<p>Datenschutz Die Betreiber dieser Seiten nehmen den Schutz Ihrer pers\u00f6nlichen Daten sehr ernst. Wir behandeln Ihre personenbezogenen Daten vertraulich und<\/p>\n","protected":false},"author":1,"featured_media":0,"parent":111,"menu_order":0,"comment_status":"closed","ping_status":"closed","template":"","meta":{"colormag_page_container_layout":"default_layout","colormag_page_sidebar_layout":"default_layout","footnotes":""},"class_list":["post-306","page","type-page","status-publish","hentry"],"_links":{"self":[{"href":"https:\/\/spd-lohbruegge.eu\/index.php?rest_route=\/wp\/v2\/pages\/306","targetHints":{"allow":["GET"]}}],"collection":[{"href":"https:\/\/spd-lohbruegge.eu\/index.php?rest_route=\/wp\/v2\/pages"}],"about":[{"href":"https:\/\/spd-lohbruegge.eu\/index.php?rest_route=\/wp\/v2\/types\/page"}],"author":[{"embeddable":true,"href":"https:\/\/spd-lohbruegge.eu\/index.php?rest_route=\/wp\/v2\/users\/1"}],"replies":[{"embeddable":true,"href":"https:\/\/spd-lohbruegge.eu\/index.php?rest_route=%2Fwp%2Fv2%2Fcomments&post=306"}],"version-history":[{"count":1,"href":"https:\/\/spd-lohbruegge.eu\/index.php?rest_route=\/wp\/v2\/pages\/306\/revisions"}],"predecessor-version":[{"id":307,"href":"https:\/\/spd-lohbruegge.eu\/index.php?rest_route=\/wp\/v2\/pages\/306\/revisions\/307"}],"up":[{"embeddable":true,"href":"https:\/\/spd-lohbruegge.eu\/index.php?rest_route=\/wp\/v2\/pages\/111"}],"wp:attachment":[{"href":"https:\/\/spd-lohbruegge.eu\/index.php?rest_route=%2Fwp%2Fv2%2Fmedia&parent=306"}],"curies":[{"name":"wp","href":"https:\/\/api.w.org\/{rel}","templated":true}]}}