{"id":31,"date":"2017-06-30T14:04:51","date_gmt":"2017-06-30T14:04:51","guid":{"rendered":"http:\/\/spd-lohbruegge.eu\/?page_id=31"},"modified":"2024-02-11T16:45:21","modified_gmt":"2024-02-11T16:45:21","slug":"aktivitaeten","status":"publish","type":"page","link":"https:\/\/spd-lohbruegge.eu\/?page_id=31","title":{"rendered":"Aktivit\u00e4ten"},"content":{"rendered":"<h4>Infostand<\/h4>\n<p><img loading=\"lazy\" decoding=\"async\" class=\"aligncenter size-full wp-image-105\" src=\"https:\/\/spd-lohbruegge.eu\/wp-content\/uploads\/2017\/06\/Infostand.bmp\" alt=\"\" width=\"400\" height=\"300\" \/>F\u00fcr die SPD Lohbr\u00fcgge ist es wichtig, nah bei den Menschen zu sein und sich um deren Sorgen und N\u00f6te zu k\u00fcmmern. Deshalb stehen wir an <strong>jedem dritten Sonnabend im Monat<\/strong> mit unserem Infobus oder einem Stand auf dem Lohbr\u00fcgger Markt. Dort informieren wir Sie nicht nur mit unserem <a href=\"http:\/\/spd-lohbruegge.eu\/wp-content\/uploads\/2017\/07\/Flugblatt_Mai_2017_kl.pdf\" target=\"_blank\" rel=\"noopener\">Flugblatt<\/a> \u00fcber aktuelle Themen, die wichtig f\u00fcr Lohbr\u00fcgge sind, sondern stehen Ihnen auch f\u00fcr Gespr\u00e4che zur Verf\u00fcgung. Fragen, Anregungen oder Probleme k\u00f6nnen Sie uns dort direkt mitteilen. Wir versuchen dann, diese schnellstm\u00f6glich umzusetzen oder anzugehen. Kommen Sie uns einfach an unserem Stand besuchen!<\/p>\n<h4>Stammtisch<\/h4>\n<p>Dass Politik nicht langweilig und von \u00f6den Tagesordnungspunkten dominiert sein muss, das zeigt der monatliche Politische Stammtisch der SPD Lohbr\u00fcgge. <strong>Jeden zweiten Freitag im Monat k\u00f6nnen alle Interessierten ab 19.30 Uhr im monatlichen Wechsel im Flavours, Leuschnerstra\u00dfe 72<\/strong>, <strong>oder im Holstenhof, Lohbr\u00fcgger Landstra\u00dfe 38,<\/strong> in entspannter Atmosph\u00e4re zwanglos \u00fcber das aktuelle politische Tagesgeschehen diskutieren. Dabei wird sowohl die lokale Politik im Bezirk Bergedorf beleuchtet als auch die vermeintlich gro\u00dfe Politik in Hamburg und Berlin.<\/p>\n<p>Da es keine Tagesordnung und auch keine Rednerliste gibt, kann jeder Teilnehmer prinzipiell jedes Thema zur Sprache bringen. Denn die SPD Lohbr\u00fcgge will mit ihrem Politischen Stammtisch ein Forum bieten, in dem ohne Scheu \u00fcber Politik debattiert werden kann. Zugleich besteht die M\u00f6glichkeit, mit uns ins Gespr\u00e4ch zu kommen und Anliegen vorzutragen. Wir freuen uns auf jeden Gast, der mit uns diskutieren m\u00f6chte.<\/p>\n<h4>Mitgliederversammlungen<\/h4>\n<p><img loading=\"lazy\" decoding=\"async\" class=\"aligncenter size-medium wp-image-123\" src=\"https:\/\/spd-lohbruegge.eu\/wp-content\/uploads\/2017\/06\/MV_Mai_2017-300x225.jpg\" alt=\"\" width=\"300\" height=\"225\" srcset=\"https:\/\/spd-lohbruegge.eu\/wp-content\/uploads\/2017\/06\/MV_Mai_2017-300x225.jpg 300w, https:\/\/spd-lohbruegge.eu\/wp-content\/uploads\/2017\/06\/MV_Mai_2017-768x576.jpg 768w, https:\/\/spd-lohbruegge.eu\/wp-content\/uploads\/2017\/06\/MV_Mai_2017-1024x768.jpg 1024w, https:\/\/spd-lohbruegge.eu\/wp-content\/uploads\/2017\/06\/MV_Mai_2017.jpg 1200w\" sizes=\"auto, (max-width: 300px) 100vw, 300px\" \/>Alle zwei Monate l\u00e4dt die SPD Lohbr\u00fcgge zu Mitgliederversammlungen ein, die meistens auch \u00f6ffentlich sind. G\u00e4ste sind also willkommen. Dabei werden Themen besprochen wie Fahrraddiebstahl oder die B\u00fcrgerversicherung im Gesundheitswesen.<\/p>\n<h4>Veranstaltungen<\/h4>\n<p><img loading=\"lazy\" decoding=\"async\" class=\"aligncenter size-full wp-image-109\" src=\"https:\/\/spd-lohbruegge.eu\/wp-content\/uploads\/2017\/06\/Sommerfest2015.bmp\" alt=\"\" width=\"400\" height=\"300\" \/>Die SPD Lohbr\u00fcgge f\u00fchrt traditionell zwei gro\u00dfe Veranstaltungen im Jahr durch: das Primelfest im Leuschnerheim im Fr\u00fchjahr und das Sommerfest im \u2013 richtig geraten! \u2013 Sommer. Intern geh\u00f6rt die Weihnachtsfeier im Dezember zu den H\u00f6hepunkten.<\/p>\n","protected":false},"excerpt":{"rendered":"<p>Infostand F\u00fcr die SPD Lohbr\u00fcgge ist es wichtig, nah bei den Menschen zu sein und sich um deren Sorgen und<\/p>\n","protected":false},"author":1,"featured_media":0,"parent":0,"menu_order":3,"comment_status":"closed","ping_status":"closed","template":"","meta":{"colormag_page_container_layout":"default_layout","colormag_page_sidebar_layout":"default_layout","footnotes":""},"class_list":["post-31","page","type-page","status-publish","hentry"],"_links":{"self":[{"href":"https:\/\/spd-lohbruegge.eu\/index.php?rest_route=\/wp\/v2\/pages\/31","targetHints":{"allow":["GET"]}}],"collection":[{"href":"https:\/\/spd-lohbruegge.eu\/index.php?rest_route=\/wp\/v2\/pages"}],"about":[{"href":"https:\/\/spd-lohbruegge.eu\/index.php?rest_route=\/wp\/v2\/types\/page"}],"author":[{"embeddable":true,"href":"https:\/\/spd-lohbruegge.eu\/index.php?rest_route=\/wp\/v2\/users\/1"}],"replies":[{"embeddable":true,"href":"https:\/\/spd-lohbruegge.eu\/index.php?rest_route=%2Fwp%2Fv2%2Fcomments&post=31"}],"version-history":[{"count":13,"href":"https:\/\/spd-lohbruegge.eu\/index.php?rest_route=\/wp\/v2\/pages\/31\/revisions"}],"predecessor-version":[{"id":892,"href":"https:\/\/spd-lohbruegge.eu\/index.php?rest_route=\/wp\/v2\/pages\/31\/revisions\/892"}],"wp:attachment":[{"href":"https:\/\/spd-lohbruegge.eu\/index.php?rest_route=%2Fwp%2Fv2%2Fmedia&parent=31"}],"curies":[{"name":"wp","href":"https:\/\/api.w.org\/{rel}","templated":true}]}}